{"id":183,"date":"2024-11-10T11:13:09","date_gmt":"2024-11-10T08:13:09","guid":{"rendered":"https:\/\/pesligroup.com.tr\/?page_id=183"},"modified":"2024-12-14T20:07:19","modified_gmt":"2024-12-14T17:07:19","slug":"hakkimizda","status":"publish","type":"page","link":"https:\/\/pesli.com.tr\/en\/hakkimizda\/","title":{"rendered":"About Us"},"content":{"rendered":"<style>.kb-row-layout-id183_3aad23-b1 > .kt-row-column-wrap{align-content:start;}:where(.kb-row-layout-id183_3aad23-b1 > .kt-row-column-wrap) > .wp-block-kadence-column{justify-content:start;}.kb-row-layout-id183_3aad23-b1 > .kt-row-column-wrap{column-gap:var(--global-kb-gap-sm, 1rem);row-gap:var(--global-kb-gap-sm, 1rem);max-width:var( --global-content-width, 1290px );padding-left:var(--global-content-edge-padding);padding-right:var(--global-content-edge-padding);padding-top:0px;padding-right:var(--global-kb-spacing-sm, 1.5rem);padding-bottom:0px;padding-left:var(--global-kb-spacing-sm, 1.5rem);min-height:700px;grid-template-columns:minmax(0, calc(65% - ((var(--global-kb-gap-sm, 1rem) * 1 )\/2)))minmax(0, calc(35% - ((var(--global-kb-gap-sm, 1rem) * 1 )\/2)));}.kb-row-layout-id183_3aad23-b1{background-image:url('https:\/\/pesli.com.tr\/wp-content\/uploads\/2024\/12\/partial-view-of-team-of-architects-working-on-plan-2024-11-19-01-13-52-utc-copy.webp');background-size:cover;background-position:54% 37%;background-attachment:scroll;background-repeat:no-repeat;}.kb-row-layout-id183_3aad23-b1 > .kt-row-layout-overlay{opacity:0.91;background:linear-gradient(90deg,var(--global-palette3) 18%,rgba(40,54,34,0.5) 93%);mix-blend-mode:multiply;}@media all and (max-width: 1024px){.kb-row-layout-id183_3aad23-b1 > .kt-row-column-wrap{padding-top:80px;padding-right:20px;padding-bottom:80px;padding-left:20px;grid-template-columns:repeat(2, minmax(0, 1fr));}}@media all and (max-width: 767px){.kb-row-layout-id183_3aad23-b1 > .kt-row-column-wrap{padding-top:120px;padding-right:20px;padding-bottom:0px;padding-left:20px;min-height:100px;grid-template-columns:minmax(0, 1fr);}.kb-row-layout-id183_3aad23-b1 > .kt-row-layout-overlay{opacity:0.66;background:var(--global-palette3, #1A202C);}}<\/style><div class=\"kb-row-layout-wrap kb-row-layout-id183_3aad23-b1 alignnone kt-row-has-bg wp-block-kadence-rowlayout\"><div class=\"kt-row-layout-overlay kt-row-overlay-gradient\"><\/div><div class=\"kt-row-column-wrap kt-has-2-columns kt-row-layout-equal kt-tab-layout-inherit kt-mobile-layout-row kt-row-valign-top kt-inner-column-height-full kb-theme-content-width\">\n<style>.kadence-column183_b81a86-99 > .kt-inside-inner-col{display:flex;}.kadence-column183_b81a86-99 > .kt-inside-inner-col{padding-top:0px;padding-right:0px;padding-bottom:0px;padding-left:0px;}.kadence-column183_b81a86-99 > .kt-inside-inner-col,.kadence-column183_b81a86-99 > .kt-inside-inner-col:before{border-top-left-radius:0px;border-top-right-radius:0px;border-bottom-right-radius:0px;border-bottom-left-radius:0px;}.kadence-column183_b81a86-99 > .kt-inside-inner-col{column-gap:var(--global-kb-gap-sm, 1rem);}.kadence-column183_b81a86-99 > .kt-inside-inner-col{flex-direction:column;justify-content:center;}.kadence-column183_b81a86-99 > .kt-inside-inner-col > .aligncenter{width:100%;}.kt-row-column-wrap > .kadence-column183_b81a86-99{align-self:center;}.kt-inner-column-height-full:not(.kt-has-1-columns) > .wp-block-kadence-column.kadence-column183_b81a86-99{align-self:auto;}.kt-inner-column-height-full:not(.kt-has-1-columns) > .wp-block-kadence-column.kadence-column183_b81a86-99 > .kt-inside-inner-col{flex-direction:column;justify-content:center;}.kadence-column183_b81a86-99 > .kt-inside-inner-col:before{opacity:0.3;}.kadence-column183_b81a86-99{position:relative;}.kadence-column183_b81a86-99, .kt-inside-inner-col > .kadence-column183_b81a86-99:not(.specificity){margin-top:0px;margin-right:0px;margin-bottom:0px;margin-left:0px;}@media all and (max-width: 1024px){.kadence-column183_b81a86-99 > .kt-inside-inner-col{padding-right:60px;padding-left:60px;flex-direction:column;justify-content:center;}}@media all and (max-width: 1024px){.kt-row-column-wrap > .kadence-column183_b81a86-99{align-self:center;}}@media all and (max-width: 1024px){.kt-inner-column-height-full:not(.kt-has-1-columns) > .wp-block-kadence-column.kadence-column183_b81a86-99{align-self:auto;}}@media all and (max-width: 1024px){.kt-inner-column-height-full:not(.kt-has-1-columns) > .wp-block-kadence-column.kadence-column183_b81a86-99 > .kt-inside-inner-col{flex-direction:column;justify-content:center;}}@media all and (max-width: 1024px){.kadence-column183_b81a86-99, .kt-inside-inner-col > .kadence-column183_b81a86-99:not(.specificity){margin-right:0px;margin-left:0px;}}@media all and (max-width: 767px){.kadence-column183_b81a86-99 > .kt-inside-inner-col{padding-top:0px;padding-right:0px;padding-bottom:0px;padding-left:0px;flex-direction:column;justify-content:center;}.kt-row-column-wrap > .kadence-column183_b81a86-99{align-self:center;}.kt-inner-column-height-full:not(.kt-has-1-columns) > .wp-block-kadence-column.kadence-column183_b81a86-99{align-self:auto;}.kt-inner-column-height-full:not(.kt-has-1-columns) > .wp-block-kadence-column.kadence-column183_b81a86-99 > .kt-inside-inner-col{flex-direction:column;justify-content:center;}.kadence-column183_b81a86-99, .kt-inside-inner-col > .kadence-column183_b81a86-99:not(.specificity){margin-top:0px;margin-right:0px;margin-bottom:0px;margin-left:0px;}}<\/style>\n<div class=\"wp-block-kadence-column kadence-column183_b81a86-99 inner-column-1\"><div class=\"kt-inside-inner-col\"><style>.wp-block-kadence-advancedheading.kt-adv-heading183_8a408e-57, .wp-block-kadence-advancedheading.kt-adv-heading183_8a408e-57[data-kb-block=\"kb-adv-heading183_8a408e-57\"]{text-align:left;font-size:65px;line-height:70px;font-style:normal;}.wp-block-kadence-advancedheading.kt-adv-heading183_8a408e-57 mark.kt-highlight, .wp-block-kadence-advancedheading.kt-adv-heading183_8a408e-57[data-kb-block=\"kb-adv-heading183_8a408e-57\"] mark.kt-highlight{font-style:normal;color:#f76a0c;-webkit-box-decoration-break:clone;box-decoration-break:clone;padding-top:0px;padding-right:0px;padding-bottom:0px;padding-left:0px;}.wp-block-kadence-advancedheading.kt-adv-heading183_8a408e-57 img.kb-inline-image, .wp-block-kadence-advancedheading.kt-adv-heading183_8a408e-57[data-kb-block=\"kb-adv-heading183_8a408e-57\"] img.kb-inline-image{width:150px;vertical-align:baseline;}@media all and (max-width: 1024px){.wp-block-kadence-advancedheading.kt-adv-heading183_8a408e-57, .wp-block-kadence-advancedheading.kt-adv-heading183_8a408e-57[data-kb-block=\"kb-adv-heading183_8a408e-57\"]{padding-right:60px;padding-left:60px;margin-right:0px;margin-left:0px;font-size:60px;line-height:78px;text-align:center!important;}}@media all and (max-width: 767px){.wp-block-kadence-advancedheading.kt-adv-heading183_8a408e-57, .wp-block-kadence-advancedheading.kt-adv-heading183_8a408e-57[data-kb-block=\"kb-adv-heading183_8a408e-57\"]{padding-right:20px;padding-left:20px;font-size:35px;line-height:40px;text-align:center!important;}}<\/style>\n<h1 class=\"kt-adv-heading183_8a408e-57 wp-block-kadence-advancedheading has-theme-palette-9-color has-text-color\" data-kb-block=\"kb-adv-heading183_8a408e-57\">About Us<\/h1>\n\n\n<style>.wp-block-kadence-advancedheading.kt-adv-heading183_c77236-d1, .wp-block-kadence-advancedheading.kt-adv-heading183_c77236-d1[data-kb-block=\"kb-adv-heading183_c77236-d1\"]{padding-right:var(--global-kb-spacing-5xl, 10rem);text-align:left;font-size:var(--global-kb-font-size-sm, 0.9rem);font-style:normal;}.wp-block-kadence-advancedheading.kt-adv-heading183_c77236-d1 mark.kt-highlight, .wp-block-kadence-advancedheading.kt-adv-heading183_c77236-d1[data-kb-block=\"kb-adv-heading183_c77236-d1\"] mark.kt-highlight{font-style:normal;color:#f76a0c;-webkit-box-decoration-break:clone;box-decoration-break:clone;padding-top:0px;padding-right:0px;padding-bottom:0px;padding-left:0px;}.wp-block-kadence-advancedheading.kt-adv-heading183_c77236-d1 img.kb-inline-image, .wp-block-kadence-advancedheading.kt-adv-heading183_c77236-d1[data-kb-block=\"kb-adv-heading183_c77236-d1\"] img.kb-inline-image{width:150px;vertical-align:baseline;}@media all and (max-width: 1024px){.wp-block-kadence-advancedheading.kt-adv-heading183_c77236-d1, .wp-block-kadence-advancedheading.kt-adv-heading183_c77236-d1[data-kb-block=\"kb-adv-heading183_c77236-d1\"]{text-align:center!important;}}@media all and (max-width: 767px){.wp-block-kadence-advancedheading.kt-adv-heading183_c77236-d1, .wp-block-kadence-advancedheading.kt-adv-heading183_c77236-d1[data-kb-block=\"kb-adv-heading183_c77236-d1\"]{padding-right:0px;text-align:center!important;}}<\/style>\n<p class=\"kt-adv-heading183_c77236-d1 wp-block-kadence-advancedheading has-theme-palette-9-color has-text-color\" data-kb-block=\"kb-adv-heading183_c77236-d1\">As the founder of Pesli Demir, \u00d6mer Pesli took his first steps into the iron and steel industry in 1980. Over time, the company expanded into the construction, agriculture, plastics, and logistics sectors, expanding into a wide range of businesses in these areas.<br><a href=\"https:\/\/kadence.pixel-show.com\/dentist\/#\" target=\"_blank\" rel=\"noopener\"><\/a><\/p>\n\n\n<style>.wp-block-kadence-advancedbtn.kt-btns183_0fe2a9-ce, .site .entry-content .wp-block-kadence-advancedbtn.kt-btns183_0fe2a9-ce, .wp-block-kadence-advancedbtn.kb-btns183_0fe2a9-ce, .site .entry-content .wp-block-kadence-advancedbtn.kb-btns183_0fe2a9-ce{margin-top:0px;margin-right:0px;margin-bottom:0px;margin-left:0px;}.wp-block-kadence-advancedbtn.kb-btns183_0fe2a9-ce{gap:var(--global-kb-gap-xs, 0.5rem );justify-content:flex-start;align-items:center;}.kt-btns183_0fe2a9-ce .kt-button{font-weight:normal;font-style:normal;}@media all and (max-width: 1024px){.wp-block-kadence-advancedbtn.kt-btns183_0fe2a9-ce, .site .entry-content .wp-block-kadence-advancedbtn.kt-btns183_0fe2a9-ce, .wp-block-kadence-advancedbtn.kb-btns183_0fe2a9-ce, .site .entry-content .wp-block-kadence-advancedbtn.kb-btns183_0fe2a9-ce{margin-right:0px;margin-left:0px;}}@media all and (max-width: 1024px){.wp-block-kadence-advancedbtn.kb-btns183_0fe2a9-ce{justify-content:center;}}@media all and (max-width: 767px){.wp-block-kadence-advancedbtn.kb-btns183_0fe2a9-ce{justify-content:center;}}<\/style>\n<div class=\"wp-block-kadence-advancedbtn kb-buttons-wrap kb-btns183_0fe2a9-ce\"><style>ul.menu .wp-block-kadence-advancedbtn .kb-btn183_ccf41e-0d.kb-button{width:initial;}.wp-block-kadence-advancedbtn .kb-btn183_ccf41e-0d.kb-button{color:#ffffff;background:#000000;font-size:12px;line-height:20px;letter-spacing:1px;text-transform:uppercase;border-top-left-radius:0px;border-top-right-radius:0px;border-bottom-right-radius:0px;border-bottom-left-radius:0px;border-top:0px solid var(--global-palette1, #3182CE);border-right:0px solid var(--global-palette1, #3182CE);border-bottom:0px solid var(--global-palette1, #3182CE);border-left:0px solid var(--global-palette1, #3182CE);padding-top:var(--global-kb-spacing-xs, 1rem);padding-right:var(--global-kb-spacing-md, 2rem);padding-bottom:var(--global-kb-spacing-xs, 1rem);padding-left:var(--global-kb-spacing-md, 2rem);margin-top:0px;margin-right:10px;margin-bottom:0px;margin-left:0px;}.wp-block-kadence-advancedbtn .kb-btn183_ccf41e-0d.kb-button:hover, .wp-block-kadence-advancedbtn .kb-btn183_ccf41e-0d.kb-button:focus{color:#000000;background:var(--global-palette9, #ffffff);}@media all and (max-width: 1024px){.wp-block-kadence-advancedbtn .kb-btn183_ccf41e-0d.kb-button{border-top:0px solid var(--global-palette1, #3182CE);border-right:0px solid var(--global-palette1, #3182CE);border-bottom:0px solid var(--global-palette1, #3182CE);border-left:0px solid var(--global-palette1, #3182CE);margin-top:0px;margin-right:0px;margin-bottom:0px;margin-left:0px;}}@media all and (max-width: 767px){.wp-block-kadence-advancedbtn .kb-btn183_ccf41e-0d.kb-button{border-top:0px solid var(--global-palette1, #3182CE);border-right:0px solid var(--global-palette1, #3182CE);border-bottom:0px solid var(--global-palette1, #3182CE);border-left:0px solid var(--global-palette1, #3182CE);margin-top:0px;margin-right:0px;margin-bottom:0px;margin-left:0px;}}<\/style><a class=\"kb-button kt-button button kb-btn183_ccf41e-0d kt-btn-size-small kt-btn-width-type-auto kb-btn-global-inherit  kt-btn-has-text-true kt-btn-has-svg-false  wp-block-button__link wp-block-kadence-singlebtn\" href=\"https:\/\/pesli.com.tr\/index.php\/iletisim\/\" rel=\" nofollow\"><span class=\"kt-btn-inner-text\">Contact Us<\/span><\/a><\/div>\n<\/div><\/div>\n\n\n<style>.kadence-column183_783b01-71 > .kt-inside-inner-col,.kadence-column183_783b01-71 > .kt-inside-inner-col:before{border-top-left-radius:0px;border-top-right-radius:0px;border-bottom-right-radius:0px;border-bottom-left-radius:0px;}.kadence-column183_783b01-71 > .kt-inside-inner-col{column-gap:var(--global-kb-gap-sm, 1rem);}.kadence-column183_783b01-71 > .kt-inside-inner-col{flex-direction:column;}.kadence-column183_783b01-71 > .kt-inside-inner-col > .aligncenter{width:100%;}.kadence-column183_783b01-71 > .kt-inside-inner-col:before{opacity:0.3;}.kadence-column183_783b01-71{position:relative;}@media all and (max-width: 1024px){.kadence-column183_783b01-71 > .kt-inside-inner-col{flex-direction:column;justify-content:center;}}@media all and (max-width: 767px){.kadence-column183_783b01-71 > .kt-inside-inner-col{flex-direction:column;justify-content:center;}}<\/style>\n<div class=\"wp-block-kadence-column kadence-column183_783b01-71\"><div class=\"kt-inside-inner-col\"><\/div><\/div>\n\n<\/div><\/div>\n\n<style>.kb-row-layout-id183_8b5ddf-3c > .kt-row-column-wrap{align-content:start;}:where(.kb-row-layout-id183_8b5ddf-3c > .kt-row-column-wrap) > .wp-block-kadence-column{justify-content:start;}.kb-row-layout-id183_8b5ddf-3c > .kt-row-column-wrap{column-gap:var(--global-kb-gap-md, 2rem);row-gap:var(--global-kb-gap-md, 2rem);max-width:var( --global-content-width, 1290px );padding-left:var(--global-content-edge-padding);padding-right:var(--global-content-edge-padding);padding-top:var(--global-kb-spacing-xl, 4rem);padding-bottom:var(--global-kb-spacing-xxl, 5rem);grid-template-columns:minmax(0, calc(50% - ((var(--global-kb-gap-md, 2rem) * 1 )\/2)))minmax(0, calc(50% - ((var(--global-kb-gap-md, 2rem) * 1 )\/2)));}.kb-row-layout-id183_8b5ddf-3c > .kt-row-layout-overlay{opacity:0.30;}@media all and (max-width: 1024px){.kb-row-layout-id183_8b5ddf-3c > .kt-row-column-wrap{grid-template-columns:repeat(2, minmax(0, 1fr));}}@media all and (max-width: 767px){.kb-row-layout-id183_8b5ddf-3c > .kt-row-column-wrap{grid-template-columns:minmax(0, 1fr);}}<\/style><div class=\"kb-row-layout-wrap kb-row-layout-id183_8b5ddf-3c alignnone wp-block-kadence-rowlayout\"><div class=\"kt-row-column-wrap kt-has-2-columns kt-row-layout-equal kt-tab-layout-inherit kt-mobile-layout-row kt-row-valign-top kb-theme-content-width\">\n<style>.kadence-column183_8da882-ee > .kt-inside-inner-col,.kadence-column183_8da882-ee > .kt-inside-inner-col:before{border-top-left-radius:0px;border-top-right-radius:0px;border-bottom-right-radius:0px;border-bottom-left-radius:0px;}.kadence-column183_8da882-ee > .kt-inside-inner-col{column-gap:var(--global-kb-gap-sm, 1rem);}.kadence-column183_8da882-ee > .kt-inside-inner-col{flex-direction:column;}.kadence-column183_8da882-ee > .kt-inside-inner-col > .aligncenter{width:100%;}.kadence-column183_8da882-ee > .kt-inside-inner-col:before{opacity:0.3;}.kadence-column183_8da882-ee{position:relative;}@media all and (max-width: 1024px){.kadence-column183_8da882-ee > .kt-inside-inner-col{flex-direction:column;justify-content:center;}}@media all and (max-width: 767px){.kadence-column183_8da882-ee > .kt-inside-inner-col{flex-direction:column;justify-content:center;}}<\/style>\n<div class=\"wp-block-kadence-column kadence-column183_8da882-ee\"><div class=\"kt-inside-inner-col\"><style>.wp-block-kadence-advancedheading.kt-adv-heading183_a932a7-37, .wp-block-kadence-advancedheading.kt-adv-heading183_a932a7-37[data-kb-block=\"kb-adv-heading183_a932a7-37\"]{font-style:normal;}.wp-block-kadence-advancedheading.kt-adv-heading183_a932a7-37 mark.kt-highlight, .wp-block-kadence-advancedheading.kt-adv-heading183_a932a7-37[data-kb-block=\"kb-adv-heading183_a932a7-37\"] mark.kt-highlight{font-style:normal;color:#f76a0c;-webkit-box-decoration-break:clone;box-decoration-break:clone;padding-top:0px;padding-right:0px;padding-bottom:0px;padding-left:0px;}.wp-block-kadence-advancedheading.kt-adv-heading183_a932a7-37 img.kb-inline-image, .wp-block-kadence-advancedheading.kt-adv-heading183_a932a7-37[data-kb-block=\"kb-adv-heading183_a932a7-37\"] img.kb-inline-image{width:150px;vertical-align:baseline;}<\/style>\n<p class=\"kt-adv-heading183_a932a7-37 wp-block-kadence-advancedheading\" data-kb-block=\"kb-adv-heading183_a932a7-37\">Pesli Demir entered the business world in 1980 under the leadership of \u00d6mer Pesli, laying a solid foundation in the iron and steel sector. Since its inception, the company has operated on the principles of quality, trust, and innovation. Over time, it has expanded its operations, establishing a presence in numerous sectors such as construction, agriculture, plastics, and logistics. With its expertise and dynamic structure, the Pesli Group has not only offered products and services but also pioneered sectoral innovations, achieving growth in various areas. Today, combining its deep-rooted experience in these sectors with sustainable investments, the Pesli Group stands out as an exemplary institution in both the national and international arenas with its future-shaping projects.<\/p>\n<\/div><\/div>\n\n\n<style>.kadence-column183_e38db2-70 > .kt-inside-inner-col,.kadence-column183_e38db2-70 > .kt-inside-inner-col:before{border-top-left-radius:0px;border-top-right-radius:0px;border-bottom-right-radius:0px;border-bottom-left-radius:0px;}.kadence-column183_e38db2-70 > .kt-inside-inner-col{column-gap:var(--global-kb-gap-sm, 1rem);}.kadence-column183_e38db2-70 > .kt-inside-inner-col{flex-direction:column;}.kadence-column183_e38db2-70 > .kt-inside-inner-col > .aligncenter{width:100%;}.kadence-column183_e38db2-70 > .kt-inside-inner-col:before{opacity:0.3;}.kadence-column183_e38db2-70{position:relative;}@media all and (max-width: 1024px){.kadence-column183_e38db2-70 > .kt-inside-inner-col{flex-direction:column;justify-content:center;}}@media all and (max-width: 767px){.kadence-column183_e38db2-70 > .kt-inside-inner-col{flex-direction:column;justify-content:center;}}<\/style>\n<div class=\"wp-block-kadence-column kadence-column183_e38db2-70\"><div class=\"kt-inside-inner-col\"><\/div><\/div>\n\n<\/div><\/div>","protected":false},"excerpt":{"rendered":"<p>Hakk\u0131m\u0131zda \u00d6mer Pesli, Pesli Demir&#8217;in kurucusu olarak demir \u00e7elik sekt\u00f6r\u00fcne 1980 y\u0131l\u0131nda ilk ad\u0131m\u0131n\u0131 atm\u0131\u015ft\u0131r. Zamanla in\u015faat, tar\u0131m, plastik ve lojistik sekt\u00f6rlerinde de faaliyet g\u00f6stermeye ba\u015flayan \u015firket, bu alanlarda b\u00fcy\u00fcme kaydederek geni\u015f bir i\u015f yelpazesi olu\u015fturmu\u015ftur. Pesli Demir, 1980 y\u0131l\u0131nda \u00d6mer Pesli\u2019nin \u00f6nc\u00fcl\u00fc\u011f\u00fcnde demir \u00e7elik sekt\u00f6r\u00fcnde sa\u011flam bir temel atarak i\u015f d\u00fcnyas\u0131na ad\u0131m atm\u0131\u015ft\u0131r. Kurulu\u015fundan&#8230;<\/p>","protected":false},"author":1,"featured_media":0,"parent":0,"menu_order":0,"comment_status":"closed","ping_status":"closed","template":"","meta":{"_acf_changed":false,"_kad_blocks_custom_css":"","_kad_blocks_head_custom_js":"","_kad_blocks_body_custom_js":"","_kad_blocks_footer_custom_js":"","_kad_post_transparent":"","_kad_post_title":"hide","_kad_post_layout":"fullwidth","_kad_post_sidebar_id":"","_kad_post_content_style":"unboxed","_kad_post_vertical_padding":"hide","_kad_post_feature":"hide","_kad_post_feature_position":"","_kad_post_header":false,"_kad_post_footer":false,"_kad_post_classname":"","footnotes":""},"class_list":["post-183","page","type-page","status-publish","hentry"],"acf":[],"taxonomy_info":[],"featured_image_src_large":false,"author_info":{"display_name":"netogulga","author_link":"https:\/\/pesli.com.tr\/en\/author\/netogulga\/"},"comment_info":0,"_links":{"self":[{"href":"https:\/\/pesli.com.tr\/en\/wp-json\/wp\/v2\/pages\/183","targetHints":{"allow":["GET"]}}],"collection":[{"href":"https:\/\/pesli.com.tr\/en\/wp-json\/wp\/v2\/pages"}],"about":[{"href":"https:\/\/pesli.com.tr\/en\/wp-json\/wp\/v2\/types\/page"}],"author":[{"embeddable":true,"href":"https:\/\/pesli.com.tr\/en\/wp-json\/wp\/v2\/users\/1"}],"replies":[{"embeddable":true,"href":"https:\/\/pesli.com.tr\/en\/wp-json\/wp\/v2\/comments?post=183"}],"version-history":[{"count":4,"href":"https:\/\/pesli.com.tr\/en\/wp-json\/wp\/v2\/pages\/183\/revisions"}],"predecessor-version":[{"id":535,"href":"https:\/\/pesli.com.tr\/en\/wp-json\/wp\/v2\/pages\/183\/revisions\/535"}],"wp:attachment":[{"href":"https:\/\/pesli.com.tr\/en\/wp-json\/wp\/v2\/media?parent=183"}],"curies":[{"name":"wp","href":"https:\/\/api.w.org\/{rel}","templated":true}]}}